{"id":9591,"date":"2025-12-28T23:53:51","date_gmt":"2025-12-28T23:53:51","guid":{"rendered":"https:\/\/aa.roboticaiamagazine.com\/?page_id=9591"},"modified":"2025-12-28T23:53:51","modified_gmt":"2025-12-28T23:53:51","slug":"suscribirse","status":"publish","type":"page","link":"https:\/\/aa.roboticaiamagazine.com\/index.php\/suscribirse\/","title":{"rendered":"Suscribirse"},"content":{"rendered":"\n<div class=\"rta-newsletter-box\">\n  <div class=\"rta-newsletter-logo\">\n    <img decoding=\"async\" src=\"https:\/\/aa.roboticaiamagazine.com\/wp-content\/uploads\/2025\/09\/LOGO-1-RFVISTA.jpg\" alt=\"R+IA - Automatizaci\u00f3n que transforma, inteligencia que lidera\">\n  <\/div>\n\n  <h2 class=\"rta-newsletter-title\">Mantenete informado<\/h2>\n  <p class=\"rta-newsletter-text\">\n    Recib\u00ed novedades, casos reales y oportunidades en rob\u00f3tica, automatizaci\u00f3n e inteligencia artificial.\n    Sin spam, solo contenido \u00fatil para tu trabajo y tus proyectos.\n  <\/p>\n\n  <div class=\"rta-newsletter-form\">\n   \n<div class=\"wpcf7 no-js\" id=\"wpcf7-f9533-o1\" lang=\"en-US\" dir=\"ltr\" data-wpcf7-id=\"9533\">\n<div class=\"screen-reader-response\"><p role=\"status\" aria-live=\"polite\" aria-atomic=\"true\"><\/p> <ul><\/ul><\/div>\n<form action=\"\/index.php\/wp-json\/wp\/v2\/pages\/9591#wpcf7-f9533-o1\" method=\"post\" class=\"wpcf7-form init\" aria-label=\"Contact form\" novalidate=\"novalidate\" data-status=\"init\">\n<fieldset class=\"hidden-fields-container\"><input type=\"hidden\" name=\"_wpcf7\" value=\"9533\" \/><input type=\"hidden\" name=\"_wpcf7_version\" value=\"6.1.4\" \/><input type=\"hidden\" name=\"_wpcf7_locale\" value=\"en_US\" \/><input type=\"hidden\" name=\"_wpcf7_unit_tag\" value=\"wpcf7-f9533-o1\" \/><input type=\"hidden\" name=\"_wpcf7_container_post\" value=\"0\" \/><input type=\"hidden\" name=\"_wpcf7_posted_data_hash\" value=\"\" \/>\n<\/fieldset>\n<p><span class=\"wpcf7-form-control-wrap\" data-name=\"your-name\"><input size=\"40\" maxlength=\"400\" class=\"wpcf7-form-control wpcf7-text\" aria-invalid=\"false\" placeholder=\"Nombre\" value=\"\" type=\"text\" name=\"your-name\" \/><\/span>\n<\/p>\n<p><span class=\"wpcf7-form-control-wrap\" data-name=\"your-email\"><input size=\"40\" maxlength=\"400\" class=\"wpcf7-form-control wpcf7-email wpcf7-validates-as-required wpcf7-text wpcf7-validates-as-email\" aria-required=\"true\" aria-invalid=\"false\" placeholder=\"Email (obligatorio)\" value=\"\" type=\"email\" name=\"your-email\" \/><\/span>\n<\/p>\n<p><span class=\"wpcf7-form-control-wrap\" data-name=\"your-phone\"><input size=\"40\" maxlength=\"400\" class=\"wpcf7-form-control wpcf7-tel wpcf7-text wpcf7-validates-as-tel\" aria-invalid=\"false\" placeholder=\"Celular\" value=\"\" type=\"tel\" name=\"your-phone\" \/><\/span>\n<\/p>\n<p><span class=\"wpcf7-form-control-wrap\" data-name=\"your-company\"><input size=\"40\" maxlength=\"400\" class=\"wpcf7-form-control wpcf7-text\" aria-invalid=\"false\" placeholder=\"Empresa o Instituci\u00f3n\" value=\"\" type=\"text\" name=\"your-company\" \/><\/span>\n<\/p>\n<p><input class=\"wpcf7-form-control wpcf7-submit has-spinner\" type=\"submit\" value=\"Suscribirme\" \/>\n<\/p><div class=\"wpcf7-response-output\" aria-hidden=\"true\"><\/div>\n<\/form>\n<\/div>\n\n  <\/div>\n<\/div>\n\n","protected":false},"excerpt":{"rendered":"<p>Mantenete informado Recib\u00ed novedades, casos reales y oportunidades en rob\u00f3tica, automatizaci\u00f3n e inteligencia artificial. Sin spam, solo contenido \u00fatil para tu trabajo y tus proyectos.<\/p>\n","protected":false},"author":1,"featured_media":0,"parent":0,"menu_order":0,"comment_status":"closed","ping_status":"closed","template":"","meta":{"iawp_total_views":27,"footnotes":""},"class_list":["post-9591","page","type-page","status-publish"],"_links":{"self":[{"href":"https:\/\/aa.roboticaiamagazine.com\/index.php\/wp-json\/wp\/v2\/pages\/9591","targetHints":{"allow":["GET"]}}],"collection":[{"href":"https:\/\/aa.roboticaiamagazine.com\/index.php\/wp-json\/wp\/v2\/pages"}],"about":[{"href":"https:\/\/aa.roboticaiamagazine.com\/index.php\/wp-json\/wp\/v2\/types\/page"}],"author":[{"embeddable":true,"href":"https:\/\/aa.roboticaiamagazine.com\/index.php\/wp-json\/wp\/v2\/users\/1"}],"replies":[{"embeddable":true,"href":"https:\/\/aa.roboticaiamagazine.com\/index.php\/wp-json\/wp\/v2\/comments?post=9591"}],"version-history":[{"count":1,"href":"https:\/\/aa.roboticaiamagazine.com\/index.php\/wp-json\/wp\/v2\/pages\/9591\/revisions"}],"predecessor-version":[{"id":9592,"href":"https:\/\/aa.roboticaiamagazine.com\/index.php\/wp-json\/wp\/v2\/pages\/9591\/revisions\/9592"}],"wp:attachment":[{"href":"https:\/\/aa.roboticaiamagazine.com\/index.php\/wp-json\/wp\/v2\/media?parent=9591"}],"curies":[{"name":"wp","href":"https:\/\/api.w.org\/{rel}","templated":true}]}}